{"id":1592,"date":"2024-06-13T12:22:35","date_gmt":"2024-06-13T10:22:35","guid":{"rendered":"https:\/\/health-ness.de\/fuerth\/?page_id=1592"},"modified":"2024-06-13T12:24:01","modified_gmt":"2024-06-13T10:24:01","slug":"rv-fit","status":"publish","type":"page","link":"https:\/\/health-ness.de\/fuerth\/rv-fit\/","title":{"rendered":"RV-Fit"},"content":{"rendered":"<p>[et_pb_section fb_built=&#8220;1&#8243; fullwidth=&#8220;on&#8220; _builder_version=&#8220;4.16&#8243; _module_preset=&#8220;default&#8220; global_colors_info=&#8220;{}&#8220; theme_builder_area=&#8220;post_content&#8220;][et_pb_fullwidth_image src=&#8220;https:\/\/health-ness.de\/fuerth\/wp-content\/uploads\/2021\/02\/egym2.jpg&#8220; title_text=&#8220;egym2&#8243; _builder_version=&#8220;4.25.0&#8243; _module_preset=&#8220;default&#8220; hover_enabled=&#8220;0&#8243; global_colors_info=&#8220;{}&#8220; theme_builder_area=&#8220;post_content&#8220; sticky_enabled=&#8220;0&#8243;][\/et_pb_fullwidth_image][\/et_pb_section][et_pb_section fb_built=&#8220;1&#8243; _builder_version=&#8220;4.16&#8243; _module_preset=&#8220;default&#8220; global_colors_info=&#8220;{}&#8220; theme_builder_area=&#8220;post_content&#8220;][et_pb_row _builder_version=&#8220;4.16&#8243; _module_preset=&#8220;default&#8220; global_colors_info=&#8220;{}&#8220; theme_builder_area=&#8220;post_content&#8220;][et_pb_column type=&#8220;4_4&#8243; _builder_version=&#8220;4.16&#8243; _module_preset=&#8220;default&#8220; global_colors_info=&#8220;{}&#8220; theme_builder_area=&#8220;post_content&#8220;][et_pb_text _builder_version=&#8220;4.25.0&#8243; _module_preset=&#8220;default&#8220; header_font=&#8220;Roboto|500||on|||||&#8220; header_text_align=&#8220;left&#8220; header_text_color=&#8220;#fc8626&#8243; header_font_size=&#8220;25px&#8220; header_2_font=&#8220;Roboto|500||on|||||&#8220; header_2_text_align=&#8220;left&#8220; header_2_text_color=&#8220;#fc8626&#8243; header_2_font_size=&#8220;25px&#8220; hover_enabled=&#8220;0&#8243; global_colors_info=&#8220;{}&#8220; theme_builder_area=&#8220;post_content&#8220; sticky_enabled=&#8220;0&#8243;]<\/p>\n<h2>Ger\u00e4tegest\u00fctztes Pr\u00e4ventionsprogramm<\/h2>\n<p>[\/et_pb_text][et_pb_text _builder_version=&#8220;4.25.0&#8243; _module_preset=&#8220;default&#8220; text_font=&#8220;Roboto||||||||&#8220; text_font_size=&#8220;17px&#8220; global_colors_info=&#8220;{}&#8220; theme_builder_area=&#8220;post_content&#8220;]<\/p>\n<p>Ein f\u00fcr Sie kostenfreies Trainingsprogramm mit Elementen zu Bewegung, Ern\u00e4hrung und Stressbew\u00e4ltigung.<\/p>\n<p>Das RV Fit Programm der Deutschen Rentenversicherung wurde von \u00c4rzten entwickelt, findet in kleinen Trainingsgruppen statt und richtet sich speziell an Berufst\u00e4tige die Risikofaktoren zu einer Erkrankung zeigen wie beginnender R\u00fccken- und \/ oder Gelenkschmerz, Schlafst\u00f6rungen, Kopfschmerz und allgemeine Antriebslosigkeit.<\/p>\n<p>[\/et_pb_text][\/et_pb_column][\/et_pb_row][et_pb_row _builder_version=&#8220;4.25.0&#8243; _module_preset=&#8220;default&#8220; column_structure=&#8220;1_4,1_4,1_4,1_4&#8243; theme_builder_area=&#8220;post_content&#8220; custom_padding=&#8220;117px|||||&#8220;][et_pb_column _builder_version=&#8220;4.25.0&#8243; _module_preset=&#8220;default&#8220; type=&#8220;1_4&#8243; theme_builder_area=&#8220;post_content&#8220;][et_pb_testimonial author=&#8220;1. intensiv starten &#8220; portrait_url=&#8220;https:\/\/health-ness.de\/fuerth\/wp-content\/uploads\/2021\/02\/EGYM-2.jpg&#8220; _builder_version=&#8220;4.25.0&#8243; _module_preset=&#8220;default&#8220; theme_builder_area=&#8220;post_content&#8220; hover_enabled=&#8220;0&#8243; sticky_enabled=&#8220;0&#8243; title_text=&#8220;EGYM&#8220; portrait_width=&#8220;200px&#8220; portrait_height=&#8220;200px&#8220;]<\/p>\n<p>3 Tage ganzt\u00e4gig ambulant oder 5 Tage station\u00e4r in einer<br \/>DRV Klinik ihrer Wahl (von der Arbeit freigestellt).<\/p>\n<p>[\/et_pb_testimonial][\/et_pb_column][et_pb_column _builder_version=&#8220;4.25.0&#8243; _module_preset=&#8220;default&#8220; type=&#8220;1_4&#8243; theme_builder_area=&#8220;post_content&#8220;][et_pb_testimonial author=&#8220;2.Regelm\u00e4\u00dfig trainieren&#8220; portrait_url=&#8220;https:\/\/health-ness.de\/fuerth\/wp-content\/uploads\/2021\/02\/Flexx-2.jpg&#8220; _builder_version=&#8220;4.25.0&#8243; _module_preset=&#8220;default&#8220; theme_builder_area=&#8220;post_content&#8220; hover_enabled=&#8220;0&#8243; sticky_enabled=&#8220;0&#8243; title_text=&#8220;Flexx&#8220; portrait_width=&#8220;200px&#8220; portrait_height=&#8220;200px&#8220;]<\/p>\n<p>3 Monatein bei Healthness 1-2 mal pro Woche<br \/>berufsbegleitend trainieren (morgens oder abends).<\/p>\n<p>[\/et_pb_testimonial][\/et_pb_column][et_pb_column _builder_version=&#8220;4.25.0&#8243; _module_preset=&#8220;default&#8220; type=&#8220;1_4&#8243; theme_builder_area=&#8220;post_content&#8220;][et_pb_testimonial author=&#8220;3. Motiviert bleiben&#8220; portrait_url=&#8220;https:\/\/health-ness.de\/fuerth\/wp-content\/uploads\/2021\/02\/klein-567686.jpg&#8220; _builder_version=&#8220;4.25.0&#8243; _module_preset=&#8220;default&#8220; theme_builder_area=&#8220;post_content&#8220; hover_enabled=&#8220;0&#8243; sticky_enabled=&#8220;0&#8243; portrait_width=&#8220;200px&#8220; portrait_height=&#8220;200px&#8220; title_text=&#8220;klein 567686&#8243;]<\/p>\n<p>3 Monate bei Healthness selbstst\u00e4ndig und berufsbegleitend trainieren (morgens oder abends).<\/p>\n<p>[\/et_pb_testimonial][\/et_pb_column][et_pb_column _builder_version=&#8220;4.25.0&#8243; _module_preset=&#8220;default&#8220; type=&#8220;1_4&#8243; theme_builder_area=&#8220;post_content&#8220;][et_pb_testimonial author=&#8220;Auffrischen&#8220; portrait_url=&#8220;https:\/\/health-ness.de\/fuerth\/wp-content\/uploads\/2021\/02\/Sensopro-1.jpg&#8220; _builder_version=&#8220;4.25.0&#8243; _module_preset=&#8220;default&#8220; theme_builder_area=&#8220;post_content&#8220; hover_enabled=&#8220;0&#8243; sticky_enabled=&#8220;0&#8243; title_text=&#8220;Sensopro&#8220; portrait_width=&#8220;200px&#8220; portrait_height=&#8220;200px&#8220;]<\/p>\n<p>1 Tag ganzt\u00e4gig ambulant oder 3 Tage station\u00e4r in einer<br \/>DRV Klinik ihrer Wahl (von der Arbeit freigestellt).<\/p>\n<p>[\/et_pb_testimonial][\/et_pb_column][\/et_pb_row][\/et_pb_section][et_pb_section fb_built=&#8220;1&#8243; _builder_version=&#8220;4.16&#8243; _module_preset=&#8220;default&#8220; custom_padding=&#8220;5px|||||&#8220; global_colors_info=&#8220;{}&#8220; theme_builder_area=&#8220;post_content&#8220;][et_pb_row _builder_version=&#8220;4.16&#8243; _module_preset=&#8220;default&#8220; global_colors_info=&#8220;{}&#8220; theme_builder_area=&#8220;post_content&#8220;][et_pb_column type=&#8220;4_4&#8243; _builder_version=&#8220;4.16&#8243; _module_preset=&#8220;default&#8220; global_colors_info=&#8220;{}&#8220; theme_builder_area=&#8220;post_content&#8220;][wpforms_selector form_id=&#8220;1437&#8243; show_title=&#8220;on&#8220; show_desc=&#8220;on&#8220; _builder_version=&#8220;4.25.0&#8243; _module_preset=&#8220;default&#8220; hover_enabled=&#8220;0&#8243; global_colors_info=&#8220;{}&#8220; theme_builder_area=&#8220;post_content&#8220; sticky_enabled=&#8220;0&#8243;][\/wpforms_selector][\/et_pb_column][\/et_pb_row][\/et_pb_section]<\/p>\n","protected":false},"excerpt":{"rendered":"<p>Ger\u00e4tegest\u00fctztes Pr\u00e4ventionsprogrammEin f\u00fcr Sie kostenfreies Trainingsprogramm mit Elementen zu Bewegung, Ern\u00e4hrung und Stressbew\u00e4ltigung. Das RV Fit Programm der Deutschen Rentenversicherung wurde von \u00c4rzten entwickelt, findet in kleinen Trainingsgruppen statt und richtet sich speziell an Berufst\u00e4tige die Risikofaktoren zu einer Erkrankung zeigen wie beginnender R\u00fccken- und \/ oder Gelenkschmerz, Schlafst\u00f6rungen, Kopfschmerz und allgemeine Antriebslosigkeit.3 Tage ganzt\u00e4gig [&hellip;]<\/p>\n","protected":false},"author":4,"featured_media":0,"parent":0,"menu_order":0,"comment_status":"closed","ping_status":"closed","template":"","meta":{"_acf_changed":false,"_et_pb_use_builder":"on","_et_pb_old_content":"","_et_gb_content_width":"","footnotes":""},"class_list":["post-1592","page","type-page","status-publish","hentry"],"acf":[],"_links":{"self":[{"href":"https:\/\/health-ness.de\/fuerth\/wp-json\/wp\/v2\/pages\/1592","targetHints":{"allow":["GET"]}}],"collection":[{"href":"https:\/\/health-ness.de\/fuerth\/wp-json\/wp\/v2\/pages"}],"about":[{"href":"https:\/\/health-ness.de\/fuerth\/wp-json\/wp\/v2\/types\/page"}],"author":[{"embeddable":true,"href":"https:\/\/health-ness.de\/fuerth\/wp-json\/wp\/v2\/users\/4"}],"replies":[{"embeddable":true,"href":"https:\/\/health-ness.de\/fuerth\/wp-json\/wp\/v2\/comments?post=1592"}],"version-history":[{"count":3,"href":"https:\/\/health-ness.de\/fuerth\/wp-json\/wp\/v2\/pages\/1592\/revisions"}],"predecessor-version":[{"id":1597,"href":"https:\/\/health-ness.de\/fuerth\/wp-json\/wp\/v2\/pages\/1592\/revisions\/1597"}],"wp:attachment":[{"href":"https:\/\/health-ness.de\/fuerth\/wp-json\/wp\/v2\/media?parent=1592"}],"curies":[{"name":"wp","href":"https:\/\/api.w.org\/{rel}","templated":true}]}}