{"id":19,"date":"2021-02-04T14:58:49","date_gmt":"2021-02-04T13:58:49","guid":{"rendered":"https:\/\/health-ness.de\/?page_id=19"},"modified":"2024-03-04T09:40:42","modified_gmt":"2024-03-04T08:40:42","slug":"gesundheitsloesungen","status":"publish","type":"page","link":"https:\/\/health-ness.de\/fuerth\/gesundheitsloesungen\/","title":{"rendered":"Gesundheitsl\u00f6sungen"},"content":{"rendered":"<p>[et_pb_section fb_built=&#8220;1&#8243; fullwidth=&#8220;on&#8220; _builder_version=&#8220;4.16&#8243; _module_preset=&#8220;default&#8220; global_colors_info=&#8220;{}&#8220;][et_pb_fullwidth_image src=&#8220;https:\/\/health-ness.de\/wp-content\/uploads\/2021\/03\/reha_sport2.jpg&#8220; title_text=&#8220;reha_sport2&#8243; _builder_version=&#8220;4.16&#8243; _module_preset=&#8220;default&#8220; global_colors_info=&#8220;{}&#8220;][\/et_pb_fullwidth_image][\/et_pb_section][et_pb_section fb_built=&#8220;1&#8243; _builder_version=&#8220;4.16&#8243; _module_preset=&#8220;default&#8220; global_colors_info=&#8220;{}&#8220;][et_pb_row _builder_version=&#8220;4.16&#8243; _module_preset=&#8220;default&#8220; global_colors_info=&#8220;{}&#8220;][et_pb_column type=&#8220;4_4&#8243; _builder_version=&#8220;4.16&#8243; _module_preset=&#8220;default&#8220; global_colors_info=&#8220;{}&#8220;][et_pb_text _builder_version=&#8220;4.16&#8243; _module_preset=&#8220;default&#8220; header_font=&#8220;Roboto|500||on|||||&#8220; header_text_align=&#8220;left&#8220; header_text_color=&#8220;#fc8626&#8243; header_font_size=&#8220;25px&#8220; header_2_font=&#8220;Roboto|500||on|||||&#8220; header_2_text_align=&#8220;left&#8220; header_2_text_color=&#8220;#fc8626&#8243; header_2_font_size=&#8220;25px&#8220; global_colors_info=&#8220;{}&#8220;]<\/p>\n<h1>Gesundheitsl\u00f6sungen<\/h1>\n<p>[\/et_pb_text][et_pb_text _builder_version=&#8220;4.16&#8243; _module_preset=&#8220;default&#8220; text_font=&#8220;Roboto||||||||&#8220; text_font_size=&#8220;17px&#8220; global_colors_info=&#8220;{}&#8220;]<\/p>\n<p>Entdecke Gesundheit neu!<\/p>\n<p>Wir zeigen dir, wie du mit den neuesten und wirksamsten Programmen deine pers\u00f6nlichen Gesundheits- und Fitnessziele schneller erreichst. Unsere Trainer und Therapeuten nehmen sich die Zeit, dich unverbindlich zu beraten.<\/p>\n<p>Was ist der erste Schritt? Nehmen Sie am besten jetzt mit uns Kontakt auf. Unsere kompetenten Sporttherapeuten werden sich dann umgehend mit Ihnen in Verbindung setzen und Sie zu einem kostenlosen und pers\u00f6nlichen Beratungsgespr\u00e4ch einladen. So k\u00f6nnen Sie sich ein Bild von uns und unserer Leistung machen und wir k\u00f6nnen gemeinsam den f\u00fcr Sie optimalen Weg zu Ihrem Erfolg besprechen.<\/p>\n<p>Welcher Trainingstyp sind Sie? Nutzen Sie unsere Bedarfsanalyse, um mehr zu erfahren:<\/p>\n<p>[\/et_pb_text][et_pb_button button_url=&#8220;https:\/\/bedarfsanalyse.gesundheit-durch-bewegung.de\/studios\/healthness-fitness-physio-gmbh\/&#8220; url_new_window=&#8220;on&#8220; button_text=&#8220;Zur Bedarfsanalyse&#8220; button_alignment=&#8220;center&#8220; _builder_version=&#8220;4.21.0&#8243; _module_preset=&#8220;default&#8220; hover_enabled=&#8220;0&#8243; global_colors_info=&#8220;{}&#8220; sticky_enabled=&#8220;0&#8243;][\/et_pb_button][\/et_pb_column][\/et_pb_row][et_pb_row _builder_version=&#8220;4.16&#8243; _module_preset=&#8220;default&#8220; global_colors_info=&#8220;{}&#8220;][et_pb_column type=&#8220;4_4&#8243; _builder_version=&#8220;4.16&#8243; _module_preset=&#8220;default&#8220; global_colors_info=&#8220;{}&#8220;][et_pb_code _builder_version=&#8220;4.16&#8243; _module_preset=&#8220;default&#8220; global_colors_info=&#8220;{}&#8220;]\n<div class=\"row services-grid\">\n        <div class=\"col-sm-6 col-lg-4\">\n        <div class=\"services-grid-item\">\n            <div class=\"services-grid-item-title\">\n                <h3>\n                    <a href=\"https:\/\/health-ness.de\/fuerth\/leistungen\/gesunder-ruecken\/\" title=\"mehr erfahren\">\n                        Gesunder R\u00fccken                    <\/a>\n                <\/h3>\n            <\/div>\n\n                                    <div class=\"services-grid-item-image\">\n                <a href=\"https:\/\/health-ness.de\/fuerth\/leistungen\/gesunder-ruecken\/\" title=\"mehr erfahren\">\n                    <img decoding=\"async\" src=\"https:\/\/health-ness.de\/fuerth\/wp-content\/uploads\/2021\/02\/MG_5966-min.jpg\" alt=\"Bild Referenz\">\n                <\/a>\n            <\/div>\n            \n            <div class=\"services-grid-item-description\">\n                <p>Falsche Bewegungsmuster &amp; langes Sitzen f\u00fchren h\u00e4ufig zu R\u00fccken- oder Nackenschmerzen. Im schlimmsten Fall zum Bandscheibenvorfall. Unsere Trainingstherapie kann eine hilfreiche L\u00f6sung sein.<\/p>\n            <\/div>\n            <div class=\"services-grid-item-action\">\n                <a href=\"https:\/\/health-ness.de\/fuerth\/leistungen\/gesunder-ruecken\/\" class=\"et_pb_button et_pb_button_7 et_pb_bg_layout_light\"  title=\"mehr erfahren\">Mehr erfahren<\/a>\n            <\/div>\n        <\/div>\n    <\/div>\n        <div class=\"col-sm-6 col-lg-4\">\n        <div class=\"services-grid-item\">\n            <div class=\"services-grid-item-title\">\n                <h3>\n                    <a href=\"https:\/\/health-ness.de\/fuerth\/leistungen\/schmerzfrei-bewegen\/\" title=\"mehr erfahren\">\n                        Schmerzfrei Bewegen                    <\/a>\n                <\/h3>\n            <\/div>\n\n                                    <div class=\"services-grid-item-image\">\n                <a href=\"https:\/\/health-ness.de\/fuerth\/leistungen\/schmerzfrei-bewegen\/\" title=\"mehr erfahren\">\n                    <img decoding=\"async\" src=\"https:\/\/health-ness.de\/fuerth\/wp-content\/uploads\/2021\/02\/ojpsd.jpg\" alt=\"Bild Referenz\">\n                <\/a>\n            <\/div>\n            \n            <div class=\"services-grid-item-description\">\n                <p>Schmerzen durch Arthrose oder Gelenkprobleme schr\u00e4nken unser t\u00e4gliches Leben ein. Mit unserer Trainingstherapie k\u00f6nnen Sie diesen Schmerzen entgegenwirken.<\/p>\n            <\/div>\n            <div class=\"services-grid-item-action\">\n                <a href=\"https:\/\/health-ness.de\/fuerth\/leistungen\/schmerzfrei-bewegen\/\" class=\"et_pb_button et_pb_button_7 et_pb_bg_layout_light\"  title=\"mehr erfahren\">Mehr erfahren<\/a>\n            <\/div>\n        <\/div>\n    <\/div>\n        <div class=\"col-sm-6 col-lg-4\">\n        <div class=\"services-grid-item\">\n            <div class=\"services-grid-item-title\">\n                <h3>\n                    <a href=\"https:\/\/health-ness.de\/fuerth\/leistungen\/muskelaufbau-im-alter\/\" title=\"mehr erfahren\">\n                        Muskelaufbau im Alter                    <\/a>\n                <\/h3>\n            <\/div>\n\n                                    <div class=\"services-grid-item-image\">\n                <a href=\"https:\/\/health-ness.de\/fuerth\/leistungen\/muskelaufbau-im-alter\/\" title=\"mehr erfahren\">\n                    <img decoding=\"async\" src=\"https:\/\/health-ness.de\/fuerth\/wp-content\/uploads\/2021\/02\/MG_5859-min.jpg\" alt=\"Bild Referenz\">\n                <\/a>\n            <\/div>\n            \n            <div class=\"services-grid-item-description\">\n                <p>Sarkopenie \u2013 der altersbedingte Muskelabbau \u2013 hat zahlreiche Folgen: Weniger Koordination, weniger Kraft, Schlappheit. Im schlimmsten Fall kommt es zu St\u00fcrzen und Knochenbr\u00fcchen. Unsere Trainingstherapie kann helfen!<\/p>\n            <\/div>\n            <div class=\"services-grid-item-action\">\n                <a href=\"https:\/\/health-ness.de\/fuerth\/leistungen\/muskelaufbau-im-alter\/\" class=\"et_pb_button et_pb_button_7 et_pb_bg_layout_light\"  title=\"mehr erfahren\">Mehr erfahren<\/a>\n            <\/div>\n        <\/div>\n    <\/div>\n        <div class=\"col-sm-6 col-lg-4\">\n        <div class=\"services-grid-item\">\n            <div class=\"services-grid-item-title\">\n                <h3>\n                    <a href=\"https:\/\/health-ness.de\/fuerth\/leistungen\/starkes-immunsystem\/\" title=\"mehr erfahren\">\n                        Starkes Immunsystem                    <\/a>\n                <\/h3>\n            <\/div>\n\n                                    <div class=\"services-grid-item-image\">\n                <a href=\"https:\/\/health-ness.de\/fuerth\/leistungen\/starkes-immunsystem\/\" title=\"mehr erfahren\">\n                    <img decoding=\"async\" src=\"https:\/\/health-ness.de\/fuerth\/wp-content\/uploads\/2021\/02\/MG_6690-min.jpg\" alt=\"Bild Referenz\">\n                <\/a>\n            <\/div>\n            \n            <div class=\"services-grid-item-description\">\n                <p>Viren, Bakterien, fremde Substanzen. Unser Immunsystem sch\u00fctzt uns und h\u00e4lt uns gesund. Doch zu wenig Bewegung und falsche Ern\u00e4hrung schw\u00e4chen Ihr Immunsystem. Wir helfen Ihnen dabei, Ihre Abwehrkr\u00e4fte zu st\u00e4rken.<\/p>\n            <\/div>\n            <div class=\"services-grid-item-action\">\n                <a href=\"https:\/\/health-ness.de\/fuerth\/leistungen\/starkes-immunsystem\/\" class=\"et_pb_button et_pb_button_7 et_pb_bg_layout_light\"  title=\"mehr erfahren\">Mehr erfahren<\/a>\n            <\/div>\n        <\/div>\n    <\/div>\n        <div class=\"col-sm-6 col-lg-4\">\n        <div class=\"services-grid-item\">\n            <div class=\"services-grid-item-title\">\n                <h3>\n                    <a href=\"https:\/\/health-ness.de\/fuerth\/leistungen\/diabetes-training\/\" title=\"mehr erfahren\">\n                        Diabetes Training                    <\/a>\n                <\/h3>\n            <\/div>\n\n                                    <div class=\"services-grid-item-image\">\n                <a href=\"https:\/\/health-ness.de\/fuerth\/leistungen\/diabetes-training\/\" title=\"mehr erfahren\">\n                    <img decoding=\"async\" src=\"https:\/\/health-ness.de\/fuerth\/wp-content\/uploads\/2021\/02\/diabetes_training_min.jpg\" alt=\"Bild Referenz\">\n                <\/a>\n            <\/div>\n            \n            <div class=\"services-grid-item-description\">\n                <p>Die Zuckerkrankheit (Diabetes Typ2) betrifft mittlerweile ca. 10% aller Erwachsenen. Wie Sie Ihren Blutzuckerspiegel mit unserer Trainingstherapie nachhaltig senken k\u00f6nnen, erfahren Sie von unsren Sporttherapeuten.<\/p>\n            <\/div>\n            <div class=\"services-grid-item-action\">\n                <a href=\"https:\/\/health-ness.de\/fuerth\/leistungen\/diabetes-training\/\" class=\"et_pb_button et_pb_button_7 et_pb_bg_layout_light\"  title=\"mehr erfahren\">Mehr erfahren<\/a>\n            <\/div>\n        <\/div>\n    <\/div>\n        <div class=\"col-sm-6 col-lg-4\">\n        <div class=\"services-grid-item\">\n            <div class=\"services-grid-item-title\">\n                <h3>\n                    <a href=\"https:\/\/health-ness.de\/fuerth\/leistungen\/mehr-leistung-und-kraft\/\" title=\"mehr erfahren\">\n                        Mehr Leistung und Kraft                    <\/a>\n                <\/h3>\n            <\/div>\n\n                                    <div class=\"services-grid-item-image\">\n                <a href=\"https:\/\/health-ness.de\/fuerth\/leistungen\/mehr-leistung-und-kraft\/\" title=\"mehr erfahren\">\n                    <img decoding=\"async\" src=\"https:\/\/health-ness.de\/fuerth\/wp-content\/uploads\/2021\/02\/MG_6901-min.jpg\" alt=\"Bild Referenz\">\n                <\/a>\n            <\/div>\n            \n            <div class=\"services-grid-item-description\">\n                <p>Zu einem gesunden und leistungsstarken K\u00f6rper geh\u00f6rt eine funktionelle und starke Muskulatur. Diese sorgt nicht nur f\u00fcr mehr Leistungsf\u00e4higkeit im Alltag, sondern sch\u00fctzt auch Gelenke, Sehnen und B\u00e4nder. Wir erarbeiten Ihren individuellen Trainingsplan.<\/p>\n            <\/div>\n            <div class=\"services-grid-item-action\">\n                <a href=\"https:\/\/health-ness.de\/fuerth\/leistungen\/mehr-leistung-und-kraft\/\" class=\"et_pb_button et_pb_button_7 et_pb_bg_layout_light\"  title=\"mehr erfahren\">Mehr erfahren<\/a>\n            <\/div>\n        <\/div>\n    <\/div>\n<\/div>\n[\/et_pb_code][\/et_pb_column][\/et_pb_row][\/et_pb_section][et_pb_section fb_built=&#8220;1&#8243; _builder_version=&#8220;4.16&#8243; _module_preset=&#8220;default&#8220; custom_padding=&#8220;5px|||||&#8220; global_colors_info=&#8220;{}&#8220;][et_pb_row _builder_version=&#8220;4.16&#8243; _module_preset=&#8220;default&#8220; global_colors_info=&#8220;{}&#8220;][et_pb_column type=&#8220;4_4&#8243; _builder_version=&#8220;4.16&#8243; _module_preset=&#8220;default&#8220; global_colors_info=&#8220;{}&#8220;][wpforms_selector form_id=&#8220;207&#8243; show_title=&#8220;on&#8220; show_desc=&#8220;on&#8220; _builder_version=&#8220;4.14.7&#8243; _module_preset=&#8220;default&#8220; global_colors_info=&#8220;{}&#8220;][\/wpforms_selector][\/et_pb_column][\/et_pb_row][\/et_pb_section]<\/p>\n","protected":false},"excerpt":{"rendered":"<p>Gesundheitsl\u00f6sungenEntdecke Gesundheit neu! Wir zeigen dir, wie du mit den neuesten und wirksamsten Programmen deine pers\u00f6nlichen Gesundheits- und Fitnessziele schneller erreichst. Unsere Trainer und Therapeuten nehmen sich die Zeit, dich unverbindlich zu beraten. Was ist der erste Schritt? Nehmen Sie am besten jetzt mit uns Kontakt auf. Unsere kompetenten Sporttherapeuten werden sich dann umgehend mit [&hellip;]<\/p>\n","protected":false},"author":2,"featured_media":0,"parent":0,"menu_order":0,"comment_status":"closed","ping_status":"closed","template":"","meta":{"_acf_changed":false,"_et_pb_use_builder":"on","_et_pb_old_content":"","_et_gb_content_width":"","footnotes":""},"class_list":["post-19","page","type-page","status-publish","hentry"],"acf":[],"_links":{"self":[{"href":"https:\/\/health-ness.de\/fuerth\/wp-json\/wp\/v2\/pages\/19","targetHints":{"allow":["GET"]}}],"collection":[{"href":"https:\/\/health-ness.de\/fuerth\/wp-json\/wp\/v2\/pages"}],"about":[{"href":"https:\/\/health-ness.de\/fuerth\/wp-json\/wp\/v2\/types\/page"}],"author":[{"embeddable":true,"href":"https:\/\/health-ness.de\/fuerth\/wp-json\/wp\/v2\/users\/2"}],"replies":[{"embeddable":true,"href":"https:\/\/health-ness.de\/fuerth\/wp-json\/wp\/v2\/comments?post=19"}],"version-history":[{"count":8,"href":"https:\/\/health-ness.de\/fuerth\/wp-json\/wp\/v2\/pages\/19\/revisions"}],"predecessor-version":[{"id":1542,"href":"https:\/\/health-ness.de\/fuerth\/wp-json\/wp\/v2\/pages\/19\/revisions\/1542"}],"wp:attachment":[{"href":"https:\/\/health-ness.de\/fuerth\/wp-json\/wp\/v2\/media?parent=19"}],"curies":[{"name":"wp","href":"https:\/\/api.w.org\/{rel}","templated":true}]}}