{"id":20,"date":"2021-02-04T14:59:05","date_gmt":"2021-02-04T13:59:05","guid":{"rendered":"https:\/\/health-ness.de\/?page_id=20"},"modified":"2022-04-08T10:34:13","modified_gmt":"2022-04-08T08:34:13","slug":"reha-sport","status":"publish","type":"page","link":"https:\/\/health-ness.de\/wendelstein\/reha-sport\/","title":{"rendered":"Reha-Sport"},"content":{"rendered":"\n[et_pb_section fb_built=&#8220;1&#8243; fullwidth=&#8220;on&#8220; _builder_version=&#8220;4.8.2&#8243; _module_preset=&#8220;default&#8220; global_colors_info=&#8220;{}&#8220;][et_pb_fullwidth_image src=&#8220;https:\/\/health-ness.de\/wp-content\/uploads\/2021\/03\/reha_sport2.jpg&#8220; title_text=&#8220;reha_sport2&#8243; _builder_version=&#8220;4.9.0&#8243; _module_preset=&#8220;default&#8220; global_colors_info=&#8220;{}&#8220;][\/et_pb_fullwidth_image][\/et_pb_section][et_pb_section fb_built=&#8220;1&#8243; _builder_version=&#8220;4.8.1&#8243; _module_preset=&#8220;default&#8220; global_colors_info=&#8220;{}&#8220;][et_pb_row _builder_version=&#8220;4.8.1&#8243; _module_preset=&#8220;default&#8220; global_colors_info=&#8220;{}&#8220;][et_pb_column type=&#8220;4_4&#8243; _builder_version=&#8220;4.8.1&#8243; _module_preset=&#8220;default&#8220; global_colors_info=&#8220;{}&#8220;][et_pb_text _builder_version=&#8220;4.14.7&#8243; _module_preset=&#8220;default&#8220; header_font=&#8220;Roboto|500||on|||||&#8220; header_text_align=&#8220;left&#8220; header_text_color=&#8220;#fc8626&#8243; header_2_font=&#8220;Roboto|500||on|||||&#8220; header_2_text_align=&#8220;left&#8220; header_2_text_color=&#8220;#fc8626&#8243; header_2_font_size=&#8220;25px&#8220; hover_enabled=&#8220;0&#8243; global_colors_info=&#8220;{}&#8220; header_font_size=&#8220;25px&#8220; sticky_enabled=&#8220;0&#8243;]<h1>Rehabilitationssport<\/h1>[\/et_pb_text][et_pb_text _builder_version=&#8220;4.8.2&#8243; _module_preset=&#8220;default&#8220; text_font=&#8220;Roboto||||||||&#8220; text_font_size=&#8220;17px&#8220; global_colors_info=&#8220;{}&#8220;]Wir bieten seit Jahren von den Krankenkassen gef\u00f6rderten Rehasport an. Rehabilitationssport dient sowohl Jung als auch Alt zur Wiederherstellung der Gesundheit. Sei es bei Ru\u0308ckenschmerzen, bei Schulterproblemen, bei Hu\u0308ftbeschwerden, nach einer Operation, durch einen Unfall\/eine Verletzung etc.\n\nDie Leistungen unseres Kooperationsvereins sind von allen Kostentra\u0308gern (gesetzliche Krankenkassen, Unfallversicherungstra\u0308gern, Tra\u0308ger der gesetzlichen Rentenversicherung etc.) anerkannt. Somit ist die Kostenu\u0308bernahme nach Bewilligung gesichert.\n\nHolen Sie sich jetzt Ihr kostenloses Beratungsgespr\u00e4ch, damit wir Ihnen schnellstm\u00f6glich helfen k\u00f6nnen.[\/et_pb_text][\/et_pb_column][\/et_pb_row][\/et_pb_section][et_pb_section fb_built=&#8220;1&#8243; _builder_version=&#8220;4.8.1&#8243; _module_preset=&#8220;default&#8220; custom_padding=&#8220;5px|||||&#8220; global_colors_info=&#8220;{}&#8220;][et_pb_row _builder_version=&#8220;4.8.1&#8243; _module_preset=&#8220;default&#8220; global_colors_info=&#8220;{}&#8220;][et_pb_column type=&#8220;4_4&#8243; _builder_version=&#8220;4.8.1&#8243; _module_preset=&#8220;default&#8220; global_colors_info=&#8220;{}&#8220;][wpforms_selector form_id=&#8220;607&#8243; show_title=&#8220;on&#8220; show_desc=&#8220;on&#8220; _builder_version=&#8220;4.8.2&#8243; _module_preset=&#8220;default&#8220; global_colors_info=&#8220;{}&#8220;][\/wpforms_selector][\/et_pb_column][\/et_pb_row][\/et_pb_section]\n","protected":false},"excerpt":{"rendered":"<p>Test<\/p>\n","protected":false},"author":2,"featured_media":0,"parent":0,"menu_order":0,"comment_status":"closed","ping_status":"closed","template":"","meta":{"_acf_changed":false,"_et_pb_use_builder":"on","_et_pb_old_content":"","_et_gb_content_width":"","footnotes":""},"class_list":["post-20","page","type-page","status-publish","hentry"],"acf":[],"_links":{"self":[{"href":"https:\/\/health-ness.de\/wendelstein\/wp-json\/wp\/v2\/pages\/20","targetHints":{"allow":["GET"]}}],"collection":[{"href":"https:\/\/health-ness.de\/wendelstein\/wp-json\/wp\/v2\/pages"}],"about":[{"href":"https:\/\/health-ness.de\/wendelstein\/wp-json\/wp\/v2\/types\/page"}],"author":[{"embeddable":true,"href":"https:\/\/health-ness.de\/wendelstein\/wp-json\/wp\/v2\/users\/2"}],"replies":[{"embeddable":true,"href":"https:\/\/health-ness.de\/wendelstein\/wp-json\/wp\/v2\/comments?post=20"}],"version-history":[{"count":10,"href":"https:\/\/health-ness.de\/wendelstein\/wp-json\/wp\/v2\/pages\/20\/revisions"}],"predecessor-version":[{"id":1380,"href":"https:\/\/health-ness.de\/wendelstein\/wp-json\/wp\/v2\/pages\/20\/revisions\/1380"}],"wp:attachment":[{"href":"https:\/\/health-ness.de\/wendelstein\/wp-json\/wp\/v2\/media?parent=20"}],"curies":[{"name":"wp","href":"https:\/\/api.w.org\/{rel}","templated":true}]}}