{"id":21,"date":"2021-02-04T14:59:18","date_gmt":"2021-02-04T13:59:18","guid":{"rendered":"https:\/\/health-ness.de\/?page_id=21"},"modified":"2024-03-04T09:40:00","modified_gmt":"2024-03-04T08:40:00","slug":"therapieangebot","status":"publish","type":"page","link":"https:\/\/health-ness.de\/wendelstein\/therapieangebot\/","title":{"rendered":"Therapie"},"content":{"rendered":"<p>[et_pb_section fb_built=&#8220;1&#8243; fullwidth=&#8220;on&#8220; _builder_version=&#8220;4.16&#8243; _module_preset=&#8220;default&#8220; global_colors_info=&#8220;{}&#8220;][et_pb_fullwidth_image src=&#8220;https:\/\/health-ness.de\/wp-content\/uploads\/2021\/03\/reha_sport2.jpg&#8220; title_text=&#8220;reha_sport2&#8243; _builder_version=&#8220;4.16&#8243; _module_preset=&#8220;default&#8220; global_colors_info=&#8220;{}&#8220;][\/et_pb_fullwidth_image][\/et_pb_section][et_pb_section fb_built=&#8220;1&#8243; _builder_version=&#8220;4.16&#8243; _module_preset=&#8220;default&#8220; global_colors_info=&#8220;{}&#8220;][et_pb_row _builder_version=&#8220;4.16&#8243; _module_preset=&#8220;default&#8220; global_colors_info=&#8220;{}&#8220;][et_pb_column type=&#8220;4_4&#8243; _builder_version=&#8220;4.16&#8243; _module_preset=&#8220;default&#8220; global_colors_info=&#8220;{}&#8220;][et_pb_text _builder_version=&#8220;4.16&#8243; _module_preset=&#8220;default&#8220; header_font=&#8220;Roboto|500||on|||||&#8220; header_text_align=&#8220;left&#8220; header_text_color=&#8220;#fc8626&#8243; header_font_size=&#8220;25px&#8220; header_2_font=&#8220;Roboto|500||on|||||&#8220; header_2_text_align=&#8220;left&#8220; header_2_text_color=&#8220;#fc8626&#8243; header_2_font_size=&#8220;25px&#8220; global_colors_info=&#8220;{}&#8220;]<\/p>\n<h1>Therapieangebot<\/h1>\n<p>[\/et_pb_text][et_pb_text _builder_version=&#8220;4.16&#8243; _module_preset=&#8220;default&#8220; text_font=&#8220;Roboto||||||||&#8220; text_font_size=&#8220;17px&#8220; global_colors_info=&#8220;{}&#8220;]<\/p>\n<p>Zeit f\u00fcr ihre Gesundheit<\/p>\n<p>Zusammen mit unseren fachkompetenten<br \/>Therapeuten und Therapeutinnen erarbeiten wir f\u00fcr Sie ein Therapie- und Trainingsprogramm.Unser Ziel ist es, Sie in eine dauerhafte Schmerz- und Beschwerdefreiheit zu f\u00fchren. Ob in der Rehabilitation nach Krankheiten und Unf\u00e4llen oder nach einer Operation: Finden Sie mit uns wieder zu Ihrer alten St\u00e4rke zur\u00fcck.<\/p>\n<p>Was ist der erste Schritt? Nehmen Sie am besten jetzt mit uns Kontakt auf. Unsere kompetenten Sporttherapeuten werden sich dann umgehend mit Ihnen in Verbindung setzen und Sie zu einem kostenlosen und pers\u00f6nlichen Beratungsgespr\u00e4ch einladen. So k\u00f6nnen Sie sich ein Bild von uns und unserer Leistung machen und wir k\u00f6nnen gemeinsam den f\u00fcr Sie optimalen Weg zu Ihrem Erfolg besprechen.<\/p>\n<p>Welcher Trainingstyp sind Sie? Nutzen Sie unsere Bedarfsanalyse, um mehr zu erfahren:<\/p>\n<p>[\/et_pb_text][et_pb_button button_url=&#8220;https:\/\/bedarfsanalyse.gesundheit-durch-bewegung.de\/studios\/healthness-fitness-physio-gmbh\/&#8220; url_new_window=&#8220;on&#8220; button_text=&#8220;Zur Bedarfsanalyse&#8220; button_alignment=&#8220;center&#8220; _builder_version=&#8220;4.21.0&#8243; _module_preset=&#8220;default&#8220; hover_enabled=&#8220;0&#8243; global_colors_info=&#8220;{}&#8220; sticky_enabled=&#8220;0&#8243;][\/et_pb_button][\/et_pb_column][\/et_pb_row][et_pb_row _builder_version=&#8220;4.16&#8243; _module_preset=&#8220;default&#8220; global_colors_info=&#8220;{}&#8220;][et_pb_column type=&#8220;4_4&#8243; _builder_version=&#8220;4.16&#8243; _module_preset=&#8220;default&#8220; global_colors_info=&#8220;{}&#8220;][et_pb_code _builder_version=&#8220;4.16&#8243; _module_preset=&#8220;default&#8220; global_colors_info=&#8220;{}&#8220;]\n<div class=\"row services-grid\">\n        <div class=\"col-sm-6 col-lg-4\">\n        <div class=\"services-grid-item\">\n            <div class=\"services-grid-item-title\">\n                <h3>\n                    <a href=\"https:\/\/health-ness.de\/wendelstein\/leistungen\/krankengymnastik\/\" title=\"mehr erfahren\">\n                        Krankengymnastik                    <\/a>\n                <\/h3>\n            <\/div>\n\n                                    <div class=\"services-grid-item-image\">\n                <a href=\"https:\/\/health-ness.de\/wendelstein\/leistungen\/krankengymnastik\/\" title=\"mehr erfahren\">\n                    <img decoding=\"async\" src=\"https:\/\/health-ness.de\/wendelstein\/wp-content\/uploads\/2021\/02\/3021016-min.jpg\" alt=\"Bild Referenz\">\n                <\/a>\n            <\/div>\n            \n            <div class=\"services-grid-item-description\">\n                <p>Die Krankengymnastik ist eine Behandlungsform, mit der Beschwerden aus fast allen Fachbereichen therapiert werden und wodurch Ihre aktive Beweglichkeit durch aktive \u00dcbungen gef\u00f6rdert wird.<\/p>\n            <\/div>\n            <div class=\"services-grid-item-action\">\n                <a href=\"https:\/\/health-ness.de\/wendelstein\/leistungen\/krankengymnastik\/\" class=\"et_pb_button et_pb_button_7 et_pb_bg_layout_light\"  title=\"mehr erfahren\">Mehr erfahren<\/a>\n            <\/div>\n        <\/div>\n    <\/div>\n        <div class=\"col-sm-6 col-lg-4\">\n        <div class=\"services-grid-item\">\n            <div class=\"services-grid-item-title\">\n                <h3>\n                    <a href=\"https:\/\/health-ness.de\/wendelstein\/leistungen\/manuelle-therapie\/\" title=\"mehr erfahren\">\n                        Manuelle Therapie                    <\/a>\n                <\/h3>\n            <\/div>\n\n                                    <div class=\"services-grid-item-image\">\n                <a href=\"https:\/\/health-ness.de\/wendelstein\/leistungen\/manuelle-therapie\/\" title=\"mehr erfahren\">\n                    <img decoding=\"async\" src=\"https:\/\/health-ness.de\/wendelstein\/wp-content\/uploads\/2021\/02\/3021027-min.jpg\" alt=\"Bild Referenz\">\n                <\/a>\n            <\/div>\n            \n            <div class=\"services-grid-item-description\">\n                <p>Die \u201eManuelle Therapie\u201c ist eine Spezialisierung der Physiotherapie, um Beschwerden oder St\u00f6rungen am gesamten Bewegungsapparat diagnostisch zu erkennen und auf der Basis dieser Diagnostik der individuellen Situation des Patienten gerecht zu behandeln.<\/p>\n            <\/div>\n            <div class=\"services-grid-item-action\">\n                <a href=\"https:\/\/health-ness.de\/wendelstein\/leistungen\/manuelle-therapie\/\" class=\"et_pb_button et_pb_button_7 et_pb_bg_layout_light\"  title=\"mehr erfahren\">Mehr erfahren<\/a>\n            <\/div>\n        <\/div>\n    <\/div>\n        <div class=\"col-sm-6 col-lg-4\">\n        <div class=\"services-grid-item\">\n            <div class=\"services-grid-item-title\">\n                <h3>\n                    <a href=\"https:\/\/health-ness.de\/wendelstein\/leistungen\/neurophysiologische-krankengymnastik\/\" title=\"mehr erfahren\">\n                        Neurophysiologische Krankengymnastik                    <\/a>\n                <\/h3>\n            <\/div>\n\n                                    <div class=\"services-grid-item-image\">\n                <a href=\"https:\/\/health-ness.de\/wendelstein\/leistungen\/neurophysiologische-krankengymnastik\/\" title=\"mehr erfahren\">\n                    <img decoding=\"async\" src=\"https:\/\/health-ness.de\/wendelstein\/wp-content\/uploads\/2021\/02\/MG_6412-min.jpg\" alt=\"Bild Referenz\">\n                <\/a>\n            <\/div>\n            \n            <div class=\"services-grid-item-description\">\n                <p>Bei der neurophysiologischen Krankengymnastik handelt es sich um eine besondere Form der Krankengymnastik, welche sich auf Patienten mit Erkrankungen des zentralen Nervensystems (Beschwerdebilder an Gehirn, R\u00fcckenmark oder einzelnen Nerven) bezieht.<\/p>\n            <\/div>\n            <div class=\"services-grid-item-action\">\n                <a href=\"https:\/\/health-ness.de\/wendelstein\/leistungen\/neurophysiologische-krankengymnastik\/\" class=\"et_pb_button et_pb_button_7 et_pb_bg_layout_light\"  title=\"mehr erfahren\">Mehr erfahren<\/a>\n            <\/div>\n        <\/div>\n    <\/div>\n        <div class=\"col-sm-6 col-lg-4\">\n        <div class=\"services-grid-item\">\n            <div class=\"services-grid-item-title\">\n                <h3>\n                    <a href=\"https:\/\/health-ness.de\/wendelstein\/leistungen\/klassische-massagetherapie\/\" title=\"mehr erfahren\">\n                        Klassische Massagetherapie                    <\/a>\n                <\/h3>\n            <\/div>\n\n                                    <div class=\"services-grid-item-image\">\n                <a href=\"https:\/\/health-ness.de\/wendelstein\/leistungen\/klassische-massagetherapie\/\" title=\"mehr erfahren\">\n                    <img decoding=\"async\" src=\"https:\/\/health-ness.de\/wendelstein\/wp-content\/uploads\/2021\/02\/MG_7174-min1-1.jpg\" alt=\"Bild Referenz\">\n                <\/a>\n            <\/div>\n            \n            <div class=\"services-grid-item-description\">\n                <p>Die klassische Massage ist eine Kombination aus Streichungen, Knetungen oder Reibungen auf der Haut und im Bereich der Muskulatur.<\/p>\n            <\/div>\n            <div class=\"services-grid-item-action\">\n                <a href=\"https:\/\/health-ness.de\/wendelstein\/leistungen\/klassische-massagetherapie\/\" class=\"et_pb_button et_pb_button_7 et_pb_bg_layout_light\"  title=\"mehr erfahren\">Mehr erfahren<\/a>\n            <\/div>\n        <\/div>\n    <\/div>\n        <div class=\"col-sm-6 col-lg-4\">\n        <div class=\"services-grid-item\">\n            <div class=\"services-grid-item-title\">\n                <h3>\n                    <a href=\"https:\/\/health-ness.de\/wendelstein\/leistungen\/manuelle-lymphdrainage\/\" title=\"mehr erfahren\">\n                        Manuelle Lymphdrainage                    <\/a>\n                <\/h3>\n            <\/div>\n\n                                    <div class=\"services-grid-item-image\">\n                <a href=\"https:\/\/health-ness.de\/wendelstein\/leistungen\/manuelle-lymphdrainage\/\" title=\"mehr erfahren\">\n                    <img decoding=\"async\" src=\"https:\/\/health-ness.de\/wendelstein\/wp-content\/uploads\/2021\/02\/MG_7166-min.jpg\" alt=\"Bild Referenz\">\n                <\/a>\n            <\/div>\n            \n            <div class=\"services-grid-item-description\">\n                <p>Unter der manuellen Lymphdrainage sind sanfte Massagetechniken mit dem Ziel der R\u00fcckf\u00fchrung von eingelagerten Gewebsfl\u00fcssigkeiten zu verstehen.<\/p>\n            <\/div>\n            <div class=\"services-grid-item-action\">\n                <a href=\"https:\/\/health-ness.de\/wendelstein\/leistungen\/manuelle-lymphdrainage\/\" class=\"et_pb_button et_pb_button_7 et_pb_bg_layout_light\"  title=\"mehr erfahren\">Mehr erfahren<\/a>\n            <\/div>\n        <\/div>\n    <\/div>\n        <div class=\"col-sm-6 col-lg-4\">\n        <div class=\"services-grid-item\">\n            <div class=\"services-grid-item-title\">\n                <h3>\n                    <a href=\"https:\/\/health-ness.de\/wendelstein\/leistungen\/waermetherapie\/\" title=\"mehr erfahren\">\n                        W\u00e4rmetherapie                    <\/a>\n                <\/h3>\n            <\/div>\n\n                                    <div class=\"services-grid-item-image\">\n                <a href=\"https:\/\/health-ness.de\/wendelstein\/leistungen\/waermetherapie\/\" title=\"mehr erfahren\">\n                    <img decoding=\"async\" src=\"https:\/\/health-ness.de\/wendelstein\/wp-content\/uploads\/2021\/02\/Wa\u0308rmetherapie-1.jpg\" alt=\"Bild Referenz\">\n                <\/a>\n            <\/div>\n            \n            <div class=\"services-grid-item-description\">\n                <p>Die W\u00e4rmetherapie ist eine Art der Thermotherapie und durch die Nutzung von verschiedenen sog. W\u00e4rmetr\u00e4gern (bspw. Kirschkernkissen oder W\u00e4rmelampen) versucht man sich den therapeutischen Effekt der W\u00e4rme zu Nutzen zu machen.<\/p>\n            <\/div>\n            <div class=\"services-grid-item-action\">\n                <a href=\"https:\/\/health-ness.de\/wendelstein\/leistungen\/waermetherapie\/\" class=\"et_pb_button et_pb_button_7 et_pb_bg_layout_light\"  title=\"mehr erfahren\">Mehr erfahren<\/a>\n            <\/div>\n        <\/div>\n    <\/div>\n        <div class=\"col-sm-6 col-lg-4\">\n        <div class=\"services-grid-item\">\n            <div class=\"services-grid-item-title\">\n                <h3>\n                    <a href=\"https:\/\/health-ness.de\/wendelstein\/leistungen\/elektrotherapie\/\" title=\"mehr erfahren\">\n                        Elektrotherapie                    <\/a>\n                <\/h3>\n            <\/div>\n\n                                    <div class=\"services-grid-item-image\">\n                <a href=\"https:\/\/health-ness.de\/wendelstein\/leistungen\/elektrotherapie\/\" title=\"mehr erfahren\">\n                    <img decoding=\"async\" src=\"https:\/\/health-ness.de\/wendelstein\/wp-content\/uploads\/2021\/02\/Elektrotherapie-Original.jpg\" alt=\"Bild Referenz\">\n                <\/a>\n            <\/div>\n            \n            <div class=\"services-grid-item-description\">\n                <p>Die Elektrotherapie nutzt elektrische Str\u00f6me zur Behandlung vielf\u00e4ltiger Beschwerden.<\/p>\n            <\/div>\n            <div class=\"services-grid-item-action\">\n                <a href=\"https:\/\/health-ness.de\/wendelstein\/leistungen\/elektrotherapie\/\" class=\"et_pb_button et_pb_button_7 et_pb_bg_layout_light\"  title=\"mehr erfahren\">Mehr erfahren<\/a>\n            <\/div>\n        <\/div>\n    <\/div>\n        <div class=\"col-sm-6 col-lg-4\">\n        <div class=\"services-grid-item\">\n            <div class=\"services-grid-item-title\">\n                <h3>\n                    <a href=\"https:\/\/health-ness.de\/wendelstein\/leistungen\/ultraschall\/\" title=\"mehr erfahren\">\n                        Ultraschall                    <\/a>\n                <\/h3>\n            <\/div>\n\n                                    <div class=\"services-grid-item-image\">\n                <a href=\"https:\/\/health-ness.de\/wendelstein\/leistungen\/ultraschall\/\" title=\"mehr erfahren\">\n                    <img decoding=\"async\" src=\"https:\/\/health-ness.de\/wendelstein\/wp-content\/uploads\/2021\/02\/Ultraschall-9115.jpg\" alt=\"Bild Referenz\">\n                <\/a>\n            <\/div>\n            \n            <div class=\"services-grid-item-description\">\n                <p>Ultraschall ist eine spezielle Anwendungsform der Elektrotherapie. Mittels eines Kontaktgels wird der Ultraschall oberfl\u00e4chlich angewendet.<\/p>\n            <\/div>\n            <div class=\"services-grid-item-action\">\n                <a href=\"https:\/\/health-ness.de\/wendelstein\/leistungen\/ultraschall\/\" class=\"et_pb_button et_pb_button_7 et_pb_bg_layout_light\"  title=\"mehr erfahren\">Mehr erfahren<\/a>\n            <\/div>\n        <\/div>\n    <\/div>\n        <div class=\"col-sm-6 col-lg-4\">\n        <div class=\"services-grid-item\">\n            <div class=\"services-grid-item-title\">\n                <h3>\n                    <a href=\"https:\/\/health-ness.de\/wendelstein\/leistungen\/kinesiotape\/\" title=\"mehr erfahren\">\n                        Kinesiotape                    <\/a>\n                <\/h3>\n            <\/div>\n\n                                    <div class=\"services-grid-item-image\">\n                <a href=\"https:\/\/health-ness.de\/wendelstein\/leistungen\/kinesiotape\/\" title=\"mehr erfahren\">\n                    <img decoding=\"async\" src=\"https:\/\/health-ness.de\/wendelstein\/wp-content\/uploads\/2021\/02\/Kinesiotape-1.jpg\" alt=\"Bild Referenz\">\n                <\/a>\n            <\/div>\n            \n            <div class=\"services-grid-item-description\">\n                <p>Das Kinesiotape ist ein elastisches, textiles, buntes Klebeband, welches direkt auf der Haut angebracht wird.<\/p>\n            <\/div>\n            <div class=\"services-grid-item-action\">\n                <a href=\"https:\/\/health-ness.de\/wendelstein\/leistungen\/kinesiotape\/\" class=\"et_pb_button et_pb_button_7 et_pb_bg_layout_light\"  title=\"mehr erfahren\">Mehr erfahren<\/a>\n            <\/div>\n        <\/div>\n    <\/div>\n<\/div>\n[\/et_pb_code][\/et_pb_column][\/et_pb_row][\/et_pb_section][et_pb_section fb_built=&#8220;1&#8243; _builder_version=&#8220;4.16&#8243; _module_preset=&#8220;default&#8220; custom_padding=&#8220;5px|||||&#8220; global_colors_info=&#8220;{}&#8220;][et_pb_row _builder_version=&#8220;4.16&#8243; _module_preset=&#8220;default&#8220; global_colors_info=&#8220;{}&#8220;][et_pb_column type=&#8220;4_4&#8243; _builder_version=&#8220;4.16&#8243; _module_preset=&#8220;default&#8220; global_colors_info=&#8220;{}&#8220;][wpforms_selector form_id=&#8220;478&#8243; show_title=&#8220;on&#8220; show_desc=&#8220;on&#8220; _builder_version=&#8220;4.14.7&#8243; _module_preset=&#8220;default&#8220; global_colors_info=&#8220;{}&#8220;][\/wpforms_selector][\/et_pb_column][\/et_pb_row][\/et_pb_section]<\/p>\n","protected":false},"excerpt":{"rendered":"<p>TherapieangebotZeit f\u00fcr ihre Gesundheit Zusammen mit unseren fachkompetentenTherapeuten und Therapeutinnen erarbeiten wir f\u00fcr Sie ein Therapie- und Trainingsprogramm.Unser Ziel ist es, Sie in eine dauerhafte Schmerz- und Beschwerdefreiheit zu f\u00fchren. Ob in der Rehabilitation nach Krankheiten und Unf\u00e4llen oder nach einer Operation: Finden Sie mit uns wieder zu Ihrer alten St\u00e4rke zur\u00fcck. Was ist der [&hellip;]<\/p>\n","protected":false},"author":2,"featured_media":0,"parent":0,"menu_order":0,"comment_status":"closed","ping_status":"closed","template":"","meta":{"_acf_changed":false,"_et_pb_use_builder":"on","_et_pb_old_content":"","_et_gb_content_width":"","footnotes":""},"class_list":["post-21","page","type-page","status-publish","hentry"],"acf":[],"_links":{"self":[{"href":"https:\/\/health-ness.de\/wendelstein\/wp-json\/wp\/v2\/pages\/21","targetHints":{"allow":["GET"]}}],"collection":[{"href":"https:\/\/health-ness.de\/wendelstein\/wp-json\/wp\/v2\/pages"}],"about":[{"href":"https:\/\/health-ness.de\/wendelstein\/wp-json\/wp\/v2\/types\/page"}],"author":[{"embeddable":true,"href":"https:\/\/health-ness.de\/wendelstein\/wp-json\/wp\/v2\/users\/2"}],"replies":[{"embeddable":true,"href":"https:\/\/health-ness.de\/wendelstein\/wp-json\/wp\/v2\/comments?post=21"}],"version-history":[{"count":6,"href":"https:\/\/health-ness.de\/wendelstein\/wp-json\/wp\/v2\/pages\/21\/revisions"}],"predecessor-version":[{"id":1540,"href":"https:\/\/health-ness.de\/wendelstein\/wp-json\/wp\/v2\/pages\/21\/revisions\/1540"}],"wp:attachment":[{"href":"https:\/\/health-ness.de\/wendelstein\/wp-json\/wp\/v2\/media?parent=21"}],"curies":[{"name":"wp","href":"https:\/\/api.w.org\/{rel}","templated":true}]}}