{"id":43,"date":"2021-02-04T15:02:14","date_gmt":"2021-02-04T14:02:14","guid":{"rendered":"https:\/\/health-ness.de\/?page_id=43"},"modified":"2022-04-08T09:52:40","modified_gmt":"2022-04-08T07:52:40","slug":"rezept","status":"publish","type":"page","link":"https:\/\/health-ness.de\/wendelstein\/rezept\/","title":{"rendered":"Rezept"},"content":{"rendered":"<p>[et_pb_section fb_built=&#8220;1&#8243; _builder_version=&#8220;4.8.1&#8243; _module_preset=&#8220;default&#8220; global_colors_info=&#8220;{}&#8220;][et_pb_row _builder_version=&#8220;4.8.1&#8243; _module_preset=&#8220;default&#8220; global_colors_info=&#8220;{}&#8220;][et_pb_column type=&#8220;4_4&#8243; _builder_version=&#8220;4.8.1&#8243; _module_preset=&#8220;default&#8220; global_colors_info=&#8220;{}&#8220;][et_pb_text content_tablet=&#8220;&#8220; content_phone=&#8220;<\/p>\n<h1>Rezept-einreichung<\/h1>\n<p>&#8220; content_last_edited=&#8220;on|phone&#8220; _builder_version=&#8220;4.14.7&#8243; _module_preset=&#8220;default&#8220; header_font=&#8220;Montserrat|600||on|||||&#8220; header_text_align=&#8220;left&#8220; header_text_color=&#8220;#fc8626&#8243; header_2_font=&#8220;Roboto|600||on|||||&#8220; header_2_text_align=&#8220;center&#8220; header_2_text_color=&#8220;#fc8626&#8243; header_2_font_size=&#8220;25px&#8220; hover_enabled=&#8220;0&#8243; global_colors_info=&#8220;{}&#8220; sticky_enabled=&#8220;0&#8243;]<\/p>\n<h1>Rezepteinreichung<\/h1>\n<p>[\/et_pb_text][et_pb_text _builder_version=&#8220;4.8.2&#8243; _module_preset=&#8220;default&#8220; text_font=&#8220;Roboto||||||||&#8220; text_font_size=&#8220;17px&#8220; global_colors_info=&#8220;{}&#8220;]<\/p>\n<p>Haben Sie eine \u00e4rztliche Verordnung (Rezept) bekommen?<\/p>\n<p>Egal ob gesetzlich oder privat versichert: Wir sind Spezialisten im Bereich der Heilmittelerbringung. Um Ihnen eine schnelle Terminfindung gew\u00e4hrleisten zu k\u00f6nnen, haben Sie hier die M\u00f6glichkeit, Ihr Rezept schon digital einzureichen.<\/p>\n<p>[\/et_pb_text][\/et_pb_column][\/et_pb_row][\/et_pb_section][et_pb_section fb_built=&#8220;1&#8243; _builder_version=&#8220;4.8.1&#8243; _module_preset=&#8220;default&#8220; custom_padding=&#8220;29px|||||&#8220; global_colors_info=&#8220;{}&#8220;][et_pb_row _builder_version=&#8220;4.8.1&#8243; _module_preset=&#8220;default&#8220; global_colors_info=&#8220;{}&#8220;][et_pb_column type=&#8220;4_4&#8243; _builder_version=&#8220;4.8.1&#8243; _module_preset=&#8220;default&#8220; global_colors_info=&#8220;{}&#8220;][wpforms_selector form_id=&#8220;478&#8243; show_title=&#8220;on&#8220; show_desc=&#8220;on&#8220; _builder_version=&#8220;4.8.2&#8243; _module_preset=&#8220;default&#8220; global_colors_info=&#8220;{}&#8220;][\/wpforms_selector][\/et_pb_column][\/et_pb_row][\/et_pb_section]<\/p>\n","protected":false},"excerpt":{"rendered":"<p>RezepteinreichungHaben Sie eine \u00e4rztliche Verordnung (Rezept) bekommen? Egal ob gesetzlich oder privat versichert: Wir sind Spezialisten im Bereich der Heilmittelerbringung. Um Ihnen eine schnelle Terminfindung gew\u00e4hrleisten zu k\u00f6nnen, haben Sie hier die M\u00f6glichkeit, Ihr Rezept schon digital einzureichen.<div class=\"et_pb_module wpforms_selector wpforms_selector_0\">\n\t\t\t\t\n\t\t\t\t\n\t\t\t\t\n\t\t\t\t\n\t\t\t\t\n\t\t\t\t\n\t\t\t\t<div class=\"et_pb_module_inner\">\n\t\t\t\t\t<div class=\"wpforms-container wpforms-container-full wpf-center\" id=\"wpforms-478\"><form id=\"wpforms-form-478\" class=\"wpforms-validate wpforms-form\" data-formid=\"478\" method=\"post\" enctype=\"multipart\/form-data\" action=\"\/wendelstein\/wp-json\/wp\/v2\/pages\/43\" data-token=\"4eee3bc7fa306edac8eeaea3d4b89b83\" data-token-time=\"1778516829\"><div class=\"wpforms-head-container\"><div class=\"wpforms-title\">Jetzt Rezept einreichen!<\/div><div class=\"wpforms-description\">Wir helfen gerne weiter.<\/div><\/div><noscript class=\"wpforms-error-noscript\">Bitte aktiviere JavaScript in deinem Browser, um dieses Formular fertigzustellen.<\/noscript><div class=\"wpforms-field-container\"><div id=\"wpforms-478-field_3-container\" class=\"wpforms-field wpforms-field-text\" data-field-id=\"3\"><label class=\"wpforms-field-label\" for=\"wpforms-478-field_3\">Vorname <span class=\"wpforms-required-label\">*<\/span><\/label><input type=\"text\" id=\"wpforms-478-field_3\" class=\"wpforms-field-large wpforms-field-required\" name=\"wpforms[fields][3]\" required><\/div><div id=\"wpforms-478-field_4-container\" class=\"wpforms-field wpforms-field-text\" data-field-id=\"4\"><label class=\"wpforms-field-label\" for=\"wpforms-478-field_4\">Nachname <span class=\"wpforms-required-label\">*<\/span><\/label><input type=\"text\" id=\"wpforms-478-field_4\" class=\"wpforms-field-large wpforms-field-required\" name=\"wpforms[fields][4]\" required><\/div><div id=\"wpforms-478-field_8-container\" class=\"wpforms-field wpforms-field-text\" data-field-id=\"8\"><label class=\"wpforms-field-label\" for=\"wpforms-478-field_8\">Krankenkasse<\/label><input type=\"text\" id=\"wpforms-478-field_8\" class=\"wpforms-field-large\" name=\"wpforms[fields][8]\" ><\/div><div id=\"wpforms-478-field_20-container\" class=\"wpforms-field wpforms-field-html wpf-single-label-field\" data-field-id=\"20\"><div id=\"wpforms-478-field_20\"><label class=\"wpforms-field-label\">Heilmittel nach Ma\u00dfgabe des Katalogs (<a href=\"\/wp-content\/uploads\/2021\/07\/muster_heilmittelverordnung.jpg\" target=\"_blank\" rel=\"noopener\">Wo finde ich die Angabe des Heilmittels?<\/a>)<\/label><\/div><\/div><div id=\"wpforms-478-field_9-container\" class=\"wpforms-field wpforms-field-text\" data-field-id=\"9\"><label class=\"wpforms-field-label wpforms-label-hide\" for=\"wpforms-478-field_9\">Heilmittel nach Ma\u00dfgabe des Katalogs (&lt;a href=&quot;\/wp-content\/uploads\/2021\/07\/muster_heilmittelverordnung.jpg&quot; target=&quot;_blank&quot; rel=&quot;noopener&quot;&gt;Wo finde ich die Angabe des Heilmittels?&lt;\/a&gt;)<\/label><input type=\"text\" id=\"wpforms-478-field_9\" class=\"wpforms-field-large\" name=\"wpforms[fields][9]\" ><\/div><div id=\"wpforms-478-field_10-container\" class=\"wpforms-field wpforms-field-text\" data-field-id=\"10\"><label class=\"wpforms-field-label\" for=\"wpforms-478-field_10\">Erg\u00e4nzendes Heilmittel<\/label><input type=\"text\" id=\"wpforms-478-field_10\" class=\"wpforms-field-large\" name=\"wpforms[fields][10]\" ><\/div><div id=\"wpforms-478-field_5-container\" class=\"wpforms-field wpforms-field-text\" data-field-id=\"5\"><label class=\"wpforms-field-label\" for=\"wpforms-478-field_5\">Telefon <span class=\"wpforms-required-label\">*<\/span><\/label><input type=\"text\" id=\"wpforms-478-field_5\" class=\"wpforms-field-large wpforms-field-required\" name=\"wpforms[fields][5]\" required><\/div><div id=\"wpforms-478-field_1-container\" class=\"wpforms-field wpforms-field-email\" data-field-id=\"1\"><label class=\"wpforms-field-label\" for=\"wpforms-478-field_1\">E-Mail<\/label><input type=\"email\" id=\"wpforms-478-field_1\" class=\"wpforms-field-large\" name=\"wpforms[fields][1]\" spellcheck=\"false\" ><\/div><div id=\"wpforms-478-field_15-container\" class=\"wpforms-field wpforms-field-checkbox wpforms-list-2-columns\" data-field-id=\"15\"><label class=\"wpforms-field-label\" for=\"wpforms-478-field_15\">Akute Schmerzen \/ Beschwerden<\/label><ul id=\"wpforms-478-field_15\"><li class=\"choice-1 depth-1\"><input type=\"checkbox\" id=\"wpforms-478-field_15_1\" name=\"wpforms[fields][15][]\" value=\"Ja\"  ><label class=\"wpforms-field-label-inline\" for=\"wpforms-478-field_15_1\">Ja<\/label><\/li><li class=\"choice-2 depth-1\"><input type=\"checkbox\" id=\"wpforms-478-field_15_2\" name=\"wpforms[fields][15][]\" value=\"Nein\"  ><label class=\"wpforms-field-label-inline\" for=\"wpforms-478-field_15_2\">Nein<\/label><\/li><\/ul><\/div><div id=\"wpforms-478-field_13-container\" class=\"wpforms-field wpforms-field-checkbox wpforms-list-3-columns\" data-field-id=\"13\"><label class=\"wpforms-field-label\" for=\"wpforms-478-field_13\">Erreichbarkeit zur Terminfindung <span class=\"wpforms-required-label\">*<\/span><\/label><ul id=\"wpforms-478-field_13\" class=\"wpforms-field-required\"><li class=\"choice-1 depth-1\"><input type=\"checkbox\" id=\"wpforms-478-field_13_1\" name=\"wpforms[fields][13][]\" value=\"9-12 Uhr\" required ><label class=\"wpforms-field-label-inline\" for=\"wpforms-478-field_13_1\">9-12 Uhr<\/label><\/li><li class=\"choice-2 depth-1\"><input type=\"checkbox\" id=\"wpforms-478-field_13_2\" name=\"wpforms[fields][13][]\" value=\"12-16 Uhr\" required ><label class=\"wpforms-field-label-inline\" for=\"wpforms-478-field_13_2\">12-16 Uhr<\/label><\/li><li class=\"choice-3 depth-1\"><input type=\"checkbox\" id=\"wpforms-478-field_13_3\" name=\"wpforms[fields][13][]\" value=\"16-20 Uhr\" required ><label class=\"wpforms-field-label-inline\" for=\"wpforms-478-field_13_3\">16-20 Uhr<\/label><\/li><\/ul><\/div><div id=\"wpforms-478-field_11-container\" class=\"wpforms-field wpforms-field-textarea\" data-field-id=\"11\"><label class=\"wpforms-field-label\" for=\"wpforms-478-field_11\">Ihre Nachricht<\/label><textarea id=\"wpforms-478-field_11\" class=\"wpforms-field-medium\" name=\"wpforms[fields][11]\" ><\/textarea><\/div><div id=\"wpforms-478-field_7-container\" class=\"wpforms-field wpforms-field-captcha\" data-field-id=\"7\"><label class=\"wpforms-field-label\" for=\"wpforms-478-field_7\">Bitte l\u00f6sen Sie die folgende Aufgabe <span class=\"wpforms-required-label\">*<\/span><\/label>\t\t\t<div class=\"wpforms-captcha-math\">\n\t\t\t\t<span id=\"wpforms-478-field_7-question\" class=\"wpforms-captcha-equation\">\n\t\t\t\t\t<span class=\"n1\">13<\/span>\n\t\t\t\t\t\t\t<span class=\"cal\">+<\/span>\n\t\t\t\t\t\t\t<span class=\"n2\">9<\/span>\t\t\t\t\t<span class=\"e\">=<\/span>\n\t\t\t\t<\/span>\n\t\t\t\t<input type=\"text\" id=\"wpforms-478-field_7\" class=\"wpforms-field-medium wpforms-field-required a\" data-rule-wpf-captcha=\"math\" data-is-wrapped-field=\"1\" name=\"wpforms[fields][7][a]\" aria-describedby=\"wpforms-478-field_7-question\" required>\t\t\t\t<input type=\"hidden\" name=\"wpforms[fields][7][cal]\" class=\"cal\">\n\t\t\t\t<input type=\"hidden\" name=\"wpforms[fields][7][n2]\" class=\"n2\">\n\t\t\t\t<input type=\"hidden\" name=\"wpforms[fields][7][n1]\" class=\"n1\">\n\t\t\t<\/div>\n\t\t\t<\/div><div id=\"wpforms-478-field_6-container\" class=\"wpforms-field wpforms-field-checkbox md-checkbox\" data-field-id=\"6\"><label class=\"wpforms-field-label\" for=\"wpforms-478-field_6\">Datenschutz <span class=\"wpforms-required-label\">*<\/span><\/label><ul id=\"wpforms-478-field_6\" class=\"wpforms-field-required\"><li class=\"choice-3 depth-1\"><input type=\"checkbox\" id=\"wpforms-478-field_6_3\" name=\"wpforms[fields][6][]\" value=\"Sie erkl\u00e4ren sich damit einverstanden, dass Ihre Daten zur Bearbeitung Ihres Anliegens verwendet werden. Weitere Informationen und Widerrufshinweise finden Sie in der &lt;a href=&quot;\/datenschutz&quot; title=&quot;Datenschutzerkl\u00e4rung anzeigen&quot; target=&quot;_blank&quot;&gt;Datenschutzerkl\u00e4rung&lt;\/a&gt;.\" required ><label class=\"wpforms-field-label-inline\" for=\"wpforms-478-field_6_3\">Sie erkl\u00e4ren sich damit einverstanden, dass Ihre Daten zur Bearbeitung Ihres Anliegens verwendet werden. Weitere Informationen und Widerrufshinweise finden Sie in der <a href=\"\/datenschutz\" title=\"Datenschutzerkl\u00e4rung anzeigen\" target=\"_blank\">Datenschutzerkl\u00e4rung<\/a>.<\/label><\/li><\/ul><\/div><\/div><!-- .wpforms-field-container --><div class=\"wpforms-submit-container\" ><input type=\"hidden\" name=\"wpforms[id]\" value=\"478\"><input type=\"hidden\" name=\"page_title\" value=\"\"><input type=\"hidden\" name=\"page_url\" value=\"https:\/\/health-ness.de\/wendelstein\/wp-json\/wp\/v2\/pages\/43\"><button type=\"submit\" name=\"wpforms[submit]\" id=\"wpforms-submit-478\" class=\"wpforms-submit\" data-alt-text=\"Senden...\" data-submit-text=\"Absenden\" aria-live=\"assertive\" value=\"wpforms-submit\">Absenden<\/button><\/div><\/form><\/div>  <!-- .wpforms-container -->\n\t\t\t\t<\/div>\n\t\t\t<\/div><\/p>\n","protected":false},"author":2,"featured_media":0,"parent":0,"menu_order":0,"comment_status":"closed","ping_status":"closed","template":"","meta":{"_acf_changed":false,"_et_pb_use_builder":"on","_et_pb_old_content":"","_et_gb_content_width":"","footnotes":""},"class_list":["post-43","page","type-page","status-publish","hentry"],"acf":[],"_links":{"self":[{"href":"https:\/\/health-ness.de\/wendelstein\/wp-json\/wp\/v2\/pages\/43","targetHints":{"allow":["GET"]}}],"collection":[{"href":"https:\/\/health-ness.de\/wendelstein\/wp-json\/wp\/v2\/pages"}],"about":[{"href":"https:\/\/health-ness.de\/wendelstein\/wp-json\/wp\/v2\/types\/page"}],"author":[{"embeddable":true,"href":"https:\/\/health-ness.de\/wendelstein\/wp-json\/wp\/v2\/users\/2"}],"replies":[{"embeddable":true,"href":"https:\/\/health-ness.de\/wendelstein\/wp-json\/wp\/v2\/comments?post=43"}],"version-history":[{"count":4,"href":"https:\/\/health-ness.de\/wendelstein\/wp-json\/wp\/v2\/pages\/43\/revisions"}],"predecessor-version":[{"id":1361,"href":"https:\/\/health-ness.de\/wendelstein\/wp-json\/wp\/v2\/pages\/43\/revisions\/1361"}],"wp:attachment":[{"href":"https:\/\/health-ness.de\/wendelstein\/wp-json\/wp\/v2\/media?parent=43"}],"curies":[{"name":"wp","href":"https:\/\/api.w.org\/{rel}","templated":true}]}}